{"id":81,"date":"2024-02-22T23:38:31","date_gmt":"2024-02-23T02:38:31","guid":{"rendered":"https:\/\/espacoguaicurus.com.br\/?page_id=81"},"modified":"2024-04-02T22:57:07","modified_gmt":"2024-04-03T01:57:07","slug":"pagina-principal","status":"publish","type":"page","link":"https:\/\/espacoguaicurus.com.br\/?page_id=81","title":{"rendered":"Pagina Principal"},"content":{"rendered":"\t\t<div data-elementor-type=\"wp-page\" data-elementor-id=\"81\" class=\"elementor elementor-81\" data-elementor-post-type=\"page\">\n\t\t\t\t<div class=\"elementor-element elementor-element-04ebd5d e-con-full e-flex e-con e-parent\" data-id=\"04ebd5d\" data-element_type=\"container\">\n\t\t<div class=\"elementor-element elementor-element-c325d02 e-con-full e-flex e-con e-child\" data-id=\"c325d02\" data-element_type=\"container\" data-settings=\"{&quot;background_background&quot;:&quot;classic&quot;}\">\n\t\t\t\t<div class=\"elementor-element elementor-element-5060f77 elementor-widget__width-initial elementor-widget elementor-widget-heading\" data-id=\"5060f77\" data-element_type=\"widget\" data-widget_type=\"heading.default\">\n\t\t\t\t<div class=\"elementor-widget-container\">\n\t\t\t\t\t<h2 class=\"elementor-heading-title elementor-size-default\">Festa de Aniversario do seu Filho(a) chegando?<\/h2>\t\t\t\t<\/div>\n\t\t\t\t<\/div>\n\t\t\t\t<\/div>\n\t\t<div class=\"elementor-element elementor-element-fe9dfc7 e-con-full e-flex e-con e-child\" data-id=\"fe9dfc7\" data-element_type=\"container\">\n\t\t\t\t<div class=\"elementor-element elementor-element-33cb350 elementor-widget__width-initial elementor-widget elementor-widget-heading\" data-id=\"33cb350\" data-element_type=\"widget\" data-widget_type=\"heading.default\">\n\t\t\t\t<div class=\"elementor-widget-container\">\n\t\t\t\t\t<h2 class=\"elementor-heading-title elementor-size-default\">Transforme seu espa\u00e7o comum em um local de festa extraordin\u00e1rio! Comemore no Espa\u00e7o Guaicurus!<\/h2>\t\t\t\t<\/div>\n\t\t\t\t<\/div>\n\t\t\t\t<\/div>\n\t\t\t\t<\/div>\n\t\t<div class=\"elementor-element elementor-element-e52a684 e-con-full e-flex e-con e-parent\" data-id=\"e52a684\" data-element_type=\"container\">\n\t\t<div class=\"elementor-element elementor-element-755f3a6 e-con-full e-flex e-con e-child\" data-id=\"755f3a6\" data-element_type=\"container\" data-settings=\"{&quot;background_background&quot;:&quot;classic&quot;}\">\n\t\t\t\t<div class=\"elementor-element elementor-element-936526b elementor-widget elementor-widget-heading\" data-id=\"936526b\" data-element_type=\"widget\" data-widget_type=\"heading.default\">\n\t\t\t\t<div class=\"elementor-widget-container\">\n\t\t\t\t\t<h2 class=\"elementor-heading-title elementor-size-default\">\"Este espa\u00e7o \u00e9 mais do que paredes e teto - \u00e9 um lugar onde hist\u00f3rias ganham vida e sonhos se realizam.\"<\/h2>\t\t\t\t<\/div>\n\t\t\t\t<\/div>\n\t\t\t\t<div class=\"elementor-element elementor-element-46dc072 elementor-align-center elementor-widget elementor-widget-button\" data-id=\"46dc072\" data-element_type=\"widget\" data-widget_type=\"button.default\">\n\t\t\t\t<div class=\"elementor-widget-container\">\n\t\t\t\t\t\t\t\t\t<div class=\"elementor-button-wrapper\">\n\t\t\t\t\t<a class=\"elementor-button elementor-button-link elementor-size-sm\" href=\"https:\/\/api.whatsapp.com\/send?phone=5567999579999&#038;text=Gostaria%20de%20saber%20mais%20informa\u00e7\u00f5es%20a%20respeito%20do%20Espa\u00e7o%20Guaicurus?\" target=\"_blank\">\n\t\t\t\t\t\t<span class=\"elementor-button-content-wrapper\">\n\t\t\t\t\t\t\t\t\t<span class=\"elementor-button-text\">Fale Conosco<\/span>\n\t\t\t\t\t<\/span>\n\t\t\t\t\t<\/a>\n\t\t\t\t<\/div>\n\t\t\t\t\t\t\t\t<\/div>\n\t\t\t\t<\/div>\n\t\t\t\t<div class=\"elementor-element elementor-element-6ebf630 elementor-widget elementor-widget-image\" data-id=\"6ebf630\" data-element_type=\"widget\" data-widget_type=\"image.default\">\n\t\t\t\t<div class=\"elementor-widget-container\">\n\t\t\t\t\t\t\t\t\t\t\t\t\t\t\t<img fetchpriority=\"high\" decoding=\"async\" width=\"1280\" height=\"960\" src=\"https:\/\/espacoguaicurus.com.br\/wp-content\/uploads\/2024\/02\/WhatsApp-Image-2024-02-23-at-19.22.27.jpeg\" class=\"attachment-full size-full wp-image-171\" alt=\"\" srcset=\"https:\/\/espacoguaicurus.com.br\/wp-content\/uploads\/2024\/02\/WhatsApp-Image-2024-02-23-at-19.22.27.jpeg 1280w, https:\/\/espacoguaicurus.com.br\/wp-content\/uploads\/2024\/02\/WhatsApp-Image-2024-02-23-at-19.22.27-300x225.jpeg 300w, https:\/\/espacoguaicurus.com.br\/wp-content\/uploads\/2024\/02\/WhatsApp-Image-2024-02-23-at-19.22.27-1024x768.jpeg 1024w, https:\/\/espacoguaicurus.com.br\/wp-content\/uploads\/2024\/02\/WhatsApp-Image-2024-02-23-at-19.22.27-768x576.jpeg 768w\" sizes=\"(max-width: 1280px) 100vw, 1280px\" \/>\t\t\t\t\t\t\t\t\t\t\t\t\t\t\t<\/div>\n\t\t\t\t<\/div>\n\t\t\t\t<\/div>\n\t\t\t\t<\/div>\n\t\t<div class=\"elementor-element elementor-element-3b2a508 e-con-full e-flex e-con e-parent\" data-id=\"3b2a508\" data-element_type=\"container\">\n\t\t<div class=\"elementor-element elementor-element-ce4465c e-con-full e-flex e-con e-child\" data-id=\"ce4465c\" data-element_type=\"container\" data-settings=\"{&quot;animation&quot;:&quot;none&quot;}\">\n\t\t\t\t<div class=\"elementor-element elementor-element-6ff3be4 elementor-arrows-position-inside elementor-pagination-position-outside elementor-widget elementor-widget-image-carousel\" data-id=\"6ff3be4\" data-element_type=\"widget\" data-settings=\"{&quot;speed&quot;:400,&quot;_animation&quot;:&quot;none&quot;,&quot;navigation&quot;:&quot;both&quot;,&quot;autoplay&quot;:&quot;yes&quot;,&quot;pause_on_hover&quot;:&quot;yes&quot;,&quot;pause_on_interaction&quot;:&quot;yes&quot;,&quot;autoplay_speed&quot;:5000,&quot;infinite&quot;:&quot;yes&quot;}\" data-widget_type=\"image-carousel.default\">\n\t\t\t\t<div class=\"elementor-widget-container\">\n\t\t\t\t\t\t\t<div class=\"elementor-image-carousel-wrapper swiper\" role=\"region\" aria-roledescription=\"carousel\" aria-label=\"Carrossel de imagens\" dir=\"ltr\">\n\t\t\t<div class=\"elementor-image-carousel swiper-wrapper\" aria-live=\"off\">\n\t\t\t\t\t\t\t\t<div class=\"swiper-slide\" role=\"group\" aria-roledescription=\"slide\" aria-label=\"1 de 6\"><figure class=\"swiper-slide-inner\"><img decoding=\"async\" class=\"swiper-slide-image\" src=\"https:\/\/espacoguaicurus.com.br\/wp-content\/uploads\/2024\/02\/visao-palmeira-rabo-raposa-461x1024.jpeg\" alt=\"visao palmeira rabo raposa\" \/><\/figure><\/div><div class=\"swiper-slide\" role=\"group\" aria-roledescription=\"slide\" aria-label=\"2 de 6\"><figure class=\"swiper-slide-inner\"><img decoding=\"async\" class=\"swiper-slide-image\" src=\"https:\/\/espacoguaicurus.com.br\/wp-content\/uploads\/2024\/02\/banheiro-feminino-1-461x1024.jpeg\" alt=\"banheiro-feminino\" \/><\/figure><\/div><div class=\"swiper-slide\" role=\"group\" aria-roledescription=\"slide\" aria-label=\"3 de 6\"><figure class=\"swiper-slide-inner\"><img decoding=\"async\" class=\"swiper-slide-image\" src=\"https:\/\/espacoguaicurus.com.br\/wp-content\/uploads\/2024\/02\/churrasqueira3-1-461x1024.jpeg\" alt=\"churrasqueira3\" \/><\/figure><\/div><div class=\"swiper-slide\" role=\"group\" aria-roledescription=\"slide\" aria-label=\"4 de 6\"><figure class=\"swiper-slide-inner\"><img decoding=\"async\" class=\"swiper-slide-image\" src=\"https:\/\/espacoguaicurus.com.br\/wp-content\/uploads\/2024\/03\/foto-piscina-e-palmeira-noturno-461x1024.jpeg\" alt=\"foto piscina e palmeira noturno\" \/><\/figure><\/div><div class=\"swiper-slide\" role=\"group\" aria-roledescription=\"slide\" aria-label=\"5 de 6\"><figure class=\"swiper-slide-inner\"><img decoding=\"async\" class=\"swiper-slide-image\" src=\"https:\/\/espacoguaicurus.com.br\/wp-content\/uploads\/2024\/03\/fotoEstacionamentoEspacoGuaicurusNoturno-575x1024.jpeg\" alt=\"fotoEstacionamentoEspa\u00e7oGuaicurusNoturno\" \/><\/figure><\/div><div class=\"swiper-slide\" role=\"group\" aria-roledescription=\"slide\" aria-label=\"6 de 6\"><figure class=\"swiper-slide-inner\"><img decoding=\"async\" class=\"swiper-slide-image\" src=\"https:\/\/espacoguaicurus.com.br\/wp-content\/uploads\/2024\/03\/foto-parte-da-piscina-e-palmeiras-noturno-461x1024.jpeg\" alt=\"foto parte da piscina e palmeiras noturno\" \/><\/figure><\/div>\t\t\t<\/div>\n\t\t\t\t\t\t\t\t\t\t\t\t<div class=\"elementor-swiper-button elementor-swiper-button-prev\" role=\"button\" tabindex=\"0\">\n\t\t\t\t\t\t<svg aria-hidden=\"true\" class=\"e-font-icon-svg e-eicon-chevron-left\" viewBox=\"0 0 1000 1000\" xmlns=\"http:\/\/www.w3.org\/2000\/svg\"><path d=\"M646 125C629 125 613 133 604 142L308 442C296 454 292 471 292 487 292 504 296 521 308 533L604 854C617 867 629 875 646 875 663 875 679 871 692 858 704 846 713 829 713 812 713 796 708 779 692 767L438 487 692 225C700 217 708 204 708 187 708 171 704 154 692 142 675 129 663 125 646 125Z\"><\/path><\/svg>\t\t\t\t\t<\/div>\n\t\t\t\t\t<div class=\"elementor-swiper-button elementor-swiper-button-next\" role=\"button\" tabindex=\"0\">\n\t\t\t\t\t\t<svg aria-hidden=\"true\" class=\"e-font-icon-svg e-eicon-chevron-right\" viewBox=\"0 0 1000 1000\" xmlns=\"http:\/\/www.w3.org\/2000\/svg\"><path d=\"M696 533C708 521 713 504 713 487 713 471 708 454 696 446L400 146C388 133 375 125 354 125 338 125 325 129 313 142 300 154 292 171 292 187 292 204 296 221 308 233L563 492 304 771C292 783 288 800 288 817 288 833 296 850 308 863 321 871 338 875 354 875 371 875 388 867 400 854L696 533Z\"><\/path><\/svg>\t\t\t\t\t<\/div>\n\t\t\t\t\n\t\t\t\t\t\t\t\t\t<div class=\"swiper-pagination\"><\/div>\n\t\t\t\t\t\t\t\t\t<\/div>\n\t\t\t\t\t\t<\/div>\n\t\t\t\t<\/div>\n\t\t\t\t<\/div>\n\t\t<div class=\"elementor-element elementor-element-a4cfc2a e-con-full e-flex e-con e-child\" data-id=\"a4cfc2a\" data-element_type=\"container\" data-settings=\"{&quot;animation&quot;:&quot;none&quot;}\">\n\t\t\t\t<div class=\"elementor-element elementor-element-9216011 elementor-arrows-position-inside elementor-pagination-position-outside elementor-widget elementor-widget-image-carousel\" data-id=\"9216011\" data-element_type=\"widget\" data-settings=\"{&quot;navigation&quot;:&quot;both&quot;,&quot;autoplay&quot;:&quot;yes&quot;,&quot;pause_on_hover&quot;:&quot;yes&quot;,&quot;pause_on_interaction&quot;:&quot;yes&quot;,&quot;autoplay_speed&quot;:5000,&quot;infinite&quot;:&quot;yes&quot;,&quot;speed&quot;:500}\" data-widget_type=\"image-carousel.default\">\n\t\t\t\t<div class=\"elementor-widget-container\">\n\t\t\t\t\t\t\t<div class=\"elementor-image-carousel-wrapper swiper\" role=\"region\" aria-roledescription=\"carousel\" aria-label=\"Carrossel de imagens\" dir=\"ltr\">\n\t\t\t<div class=\"elementor-image-carousel swiper-wrapper\" aria-live=\"off\">\n\t\t\t\t\t\t\t\t<div class=\"swiper-slide\" role=\"group\" aria-roledescription=\"slide\" aria-label=\"1 de 10\"><figure class=\"swiper-slide-inner\"><img decoding=\"async\" class=\"swiper-slide-image\" src=\"https:\/\/espacoguaicurus.com.br\/wp-content\/uploads\/2024\/02\/visao-tenda-entrada-461x1024.jpeg\" alt=\"visao-tenda-entrada\" \/><\/figure><\/div><div class=\"swiper-slide\" role=\"group\" aria-roledescription=\"slide\" aria-label=\"2 de 10\"><figure class=\"swiper-slide-inner\"><img decoding=\"async\" class=\"swiper-slide-image\" src=\"https:\/\/espacoguaicurus.com.br\/wp-content\/uploads\/2024\/02\/WhatsApp-Image-2024-02-25-at-10.34.35-1-461x1024.jpeg\" alt=\"WhatsApp Image 2024-02-25 at 10.34.35 (1)\" \/><\/figure><\/div><div class=\"swiper-slide\" role=\"group\" aria-roledescription=\"slide\" aria-label=\"3 de 10\"><figure class=\"swiper-slide-inner\"><img decoding=\"async\" class=\"swiper-slide-image\" src=\"https:\/\/espacoguaicurus.com.br\/wp-content\/uploads\/2024\/02\/WhatsApp-Image-2024-02-25-at-10.34.35-461x1024.jpeg\" alt=\"WhatsApp Image 2024-02-25 at 10.34.35\" \/><\/figure><\/div><div class=\"swiper-slide\" role=\"group\" aria-roledescription=\"slide\" aria-label=\"4 de 10\"><figure class=\"swiper-slide-inner\"><img decoding=\"async\" class=\"swiper-slide-image\" src=\"https:\/\/espacoguaicurus.com.br\/wp-content\/uploads\/2024\/02\/WhatsApp-Image-2024-02-25-at-10.34.36-1-461x1024.jpeg\" alt=\"WhatsApp Image 2024-02-25 at 10.34.36 (1)\" \/><\/figure><\/div><div class=\"swiper-slide\" role=\"group\" aria-roledescription=\"slide\" aria-label=\"5 de 10\"><figure class=\"swiper-slide-inner\"><img decoding=\"async\" class=\"swiper-slide-image\" src=\"https:\/\/espacoguaicurus.com.br\/wp-content\/uploads\/2024\/02\/WhatsApp-Image-2024-02-25-at-10.34.37-461x1024.jpeg\" alt=\"WhatsApp Image 2024-02-25 at 10.34.37\" \/><\/figure><\/div><div class=\"swiper-slide\" role=\"group\" aria-roledescription=\"slide\" aria-label=\"6 de 10\"><figure class=\"swiper-slide-inner\"><img decoding=\"async\" class=\"swiper-slide-image\" src=\"https:\/\/espacoguaicurus.com.br\/wp-content\/uploads\/2024\/02\/WhatsApp-Image-2024-02-25-at-10.34.38-461x1024.jpeg\" alt=\"WhatsApp Image 2024-02-25 at 10.34.38\" \/><\/figure><\/div><div class=\"swiper-slide\" role=\"group\" aria-roledescription=\"slide\" aria-label=\"7 de 10\"><figure class=\"swiper-slide-inner\"><img decoding=\"async\" class=\"swiper-slide-image\" src=\"https:\/\/espacoguaicurus.com.br\/wp-content\/uploads\/2024\/02\/frente-e-pes-de-palmeiras-461x1024.jpeg\" alt=\"frente-e-pes-de-palmeiras\" \/><\/figure><\/div><div class=\"swiper-slide\" role=\"group\" aria-roledescription=\"slide\" aria-label=\"8 de 10\"><figure class=\"swiper-slide-inner\"><img decoding=\"async\" class=\"swiper-slide-image\" src=\"https:\/\/espacoguaicurus.com.br\/wp-content\/uploads\/2024\/02\/WhatsApp-Image-2024-02-25-at-10.34.36-461x1024.jpeg\" alt=\"WhatsApp Image 2024-02-25 at 10.34.36\" \/><\/figure><\/div><div class=\"swiper-slide\" role=\"group\" aria-roledescription=\"slide\" aria-label=\"9 de 10\"><figure class=\"swiper-slide-inner\"><img decoding=\"async\" class=\"swiper-slide-image\" src=\"https:\/\/espacoguaicurus.com.br\/wp-content\/uploads\/2024\/02\/palmeira-rabo-de-raposa--461x1024.jpeg\" alt=\"palmeira rabo de raposa\" \/><\/figure><\/div><div class=\"swiper-slide\" role=\"group\" aria-roledescription=\"slide\" aria-label=\"10 de 10\"><figure class=\"swiper-slide-inner\"><img decoding=\"async\" class=\"swiper-slide-image\" src=\"https:\/\/espacoguaicurus.com.br\/wp-content\/uploads\/2024\/03\/Flor-em-frente-ao-espaco--472x1024.jpeg\" alt=\"Flor em frente ao espa\u00e7o\" \/><\/figure><\/div>\t\t\t<\/div>\n\t\t\t\t\t\t\t\t\t\t\t\t<div class=\"elementor-swiper-button elementor-swiper-button-prev\" role=\"button\" tabindex=\"0\">\n\t\t\t\t\t\t<svg aria-hidden=\"true\" class=\"e-font-icon-svg e-eicon-chevron-left\" viewBox=\"0 0 1000 1000\" xmlns=\"http:\/\/www.w3.org\/2000\/svg\"><path d=\"M646 125C629 125 613 133 604 142L308 442C296 454 292 471 292 487 292 504 296 521 308 533L604 854C617 867 629 875 646 875 663 875 679 871 692 858 704 846 713 829 713 812 713 796 708 779 692 767L438 487 692 225C700 217 708 204 708 187 708 171 704 154 692 142 675 129 663 125 646 125Z\"><\/path><\/svg>\t\t\t\t\t<\/div>\n\t\t\t\t\t<div class=\"elementor-swiper-button elementor-swiper-button-next\" role=\"button\" tabindex=\"0\">\n\t\t\t\t\t\t<svg aria-hidden=\"true\" class=\"e-font-icon-svg e-eicon-chevron-right\" viewBox=\"0 0 1000 1000\" xmlns=\"http:\/\/www.w3.org\/2000\/svg\"><path d=\"M696 533C708 521 713 504 713 487 713 471 708 454 696 446L400 146C388 133 375 125 354 125 338 125 325 129 313 142 300 154 292 171 292 187 292 204 296 221 308 233L563 492 304 771C292 783 288 800 288 817 288 833 296 850 308 863 321 871 338 875 354 875 371 875 388 867 400 854L696 533Z\"><\/path><\/svg>\t\t\t\t\t<\/div>\n\t\t\t\t\n\t\t\t\t\t\t\t\t\t<div class=\"swiper-pagination\"><\/div>\n\t\t\t\t\t\t\t\t\t<\/div>\n\t\t\t\t\t\t<\/div>\n\t\t\t\t<\/div>\n\t\t\t\t<\/div>\n\t\t\t\t<\/div>\n\t\t<div class=\"elementor-element elementor-element-aa9e965 e-flex e-con-boxed e-con e-parent\" data-id=\"aa9e965\" data-element_type=\"container\">\n\t\t\t\t\t<div class=\"e-con-inner\">\n\t\t<div class=\"elementor-element elementor-element-683d57e e-con-full e-flex e-con e-child\" data-id=\"683d57e\" data-element_type=\"container\" data-settings=\"{&quot;background_background&quot;:&quot;classic&quot;}\">\n\t\t\t\t<div class=\"elementor-element elementor-element-8449a82 elementor-widget elementor-widget-video\" data-id=\"8449a82\" data-element_type=\"widget\" data-settings=\"{&quot;video_type&quot;:&quot;hosted&quot;,&quot;controls&quot;:&quot;yes&quot;}\" data-widget_type=\"video.default\">\n\t\t\t\t<div class=\"elementor-widget-container\">\n\t\t\t\t\t\t\t<div class=\"e-hosted-video elementor-wrapper elementor-open-inline\">\n\t\t\t\t\t<video class=\"elementor-video\" src=\"http:\/\/espacoguaicurus.com.br\/wp-content\/uploads\/2024\/02\/VIDEO3.mp4\" controls=\"\" preload=\"metadata\" controlsList=\"nodownload\"><\/video>\n\t\t\t\t<\/div>\n\t\t\t\t\t\t<\/div>\n\t\t\t\t<\/div>\n\t\t\t\t<\/div>\n\t\t<div class=\"elementor-element elementor-element-0cd42b9 e-con-full e-flex e-con e-child\" data-id=\"0cd42b9\" data-element_type=\"container\" data-settings=\"{&quot;background_background&quot;:&quot;classic&quot;}\">\n\t\t\t\t<div class=\"elementor-element elementor-element-6a38ff1 elementor-widget elementor-widget-text-editor\" data-id=\"6a38ff1\" data-element_type=\"widget\" data-widget_type=\"text-editor.default\">\n\t\t\t\t<div class=\"elementor-widget-container\">\n\t\t\t\t\t\t\t\t\t<h4>&#8220;Pronto para celebrar o seu evento como nunca antes? N\u00e3o perca tempo! Agende agora mesmo o seu espa\u00e7o exclusivo e prepare-se para uma experi\u00eancia memor\u00e1vel. Aqui sua festa ser\u00e1 um evento inesquec\u00edvel. Reserve agora e comece a contagem regressiva para o dia perfeito! Entre em contato para garantir sua data e prepare-se para viver uma experi\u00eancia \u00fanica! #CelebreComAlegria #AgendeJ\u00e1&#8221;<br>Vamos agendar uma visita?<\/h4>\n<h3><strong>Clique no bot\u00e3o abaixo e seja feliz!<\/strong><\/h3>\t\t\t\t\t\t\t\t<\/div>\n\t\t\t\t<\/div>\n\t\t\t\t<\/div>\n\t\t\t\t\t<\/div>\n\t\t\t\t<\/div>\n\t\t<div class=\"elementor-element elementor-element-8ec5f1c e-flex e-con-boxed e-con e-parent\" data-id=\"8ec5f1c\" data-element_type=\"container\" data-settings=\"{&quot;background_background&quot;:&quot;classic&quot;}\">\n\t\t\t\t\t<div class=\"e-con-inner\">\n\t\t\t\t<div class=\"elementor-element elementor-element-1982e7c elementor-align-center elementor-widget elementor-widget-button\" data-id=\"1982e7c\" data-element_type=\"widget\" data-widget_type=\"button.default\">\n\t\t\t\t<div class=\"elementor-widget-container\">\n\t\t\t\t\t\t\t\t\t<div class=\"elementor-button-wrapper\">\n\t\t\t\t\t<a class=\"elementor-button elementor-button-link elementor-size-sm\" href=\"https:\/\/api.whatsapp.com\/send?phone=5567999579999&#038;text=Gostaria%20de%20saber%20mais%20informa\u00e7\u00f5es%20a%20respeito%20do%20Espa\u00e7o%20Guaicurus?\" target=\"_blank\">\n\t\t\t\t\t\t<span class=\"elementor-button-content-wrapper\">\n\t\t\t\t\t\t\t\t\t<span class=\"elementor-button-text\">Fale Conosco<\/span>\n\t\t\t\t\t<\/span>\n\t\t\t\t\t<\/a>\n\t\t\t\t<\/div>\n\t\t\t\t\t\t\t\t<\/div>\n\t\t\t\t<\/div>\n\t\t\t\t\t<\/div>\n\t\t\t\t<\/div>\n\t\t<div class=\"elementor-element elementor-element-da5371e e-flex e-con-boxed e-con e-parent\" data-id=\"da5371e\" data-element_type=\"container\">\n\t\t\t\t\t<div class=\"e-con-inner\">\n\t\t\t\t<div class=\"elementor-element elementor-element-0eb6620 elementor-widget elementor-widget-video\" data-id=\"0eb6620\" data-element_type=\"widget\" data-settings=\"{&quot;video_type&quot;:&quot;hosted&quot;,&quot;controls&quot;:&quot;yes&quot;}\" data-widget_type=\"video.default\">\n\t\t\t\t<div class=\"elementor-widget-container\">\n\t\t\t\t\t\t\t<div class=\"e-hosted-video elementor-wrapper elementor-open-inline\">\n\t\t\t\t\t<video class=\"elementor-video\" src=\"http:\/\/espacoguaicurus.com.br\/wp-content\/uploads\/2024\/02\/video-Atchim-capivara-e-outros-.mp4\" controls=\"\" preload=\"metadata\" controlsList=\"nodownload\"><\/video>\n\t\t\t\t<\/div>\n\t\t\t\t\t\t<\/div>\n\t\t\t\t<\/div>\n\t\t\t\t\t<\/div>\n\t\t\t\t<\/div>\n\t\t\t\t<\/div>\n\t\t","protected":false},"excerpt":{"rendered":"<p>Festa de Aniversario do seu Filho(a) chegando? Transforme seu espa\u00e7o comum em um local de festa extraordin\u00e1rio! Comemore no Espa\u00e7o Guaicurus! &#8220;Este espa\u00e7o \u00e9 mais do que paredes e teto &#8211; \u00e9 um lugar onde hist\u00f3rias ganham vida e sonhos se realizam.&#8221; Fale Conosco http:\/\/espacoguaicurus.com.br\/wp-content\/uploads\/2024\/02\/VIDEO3.mp4 &#8220;Pronto para celebrar o seu evento como nunca antes? N\u00e3o [&hellip;]<\/p>\n","protected":false},"author":1,"featured_media":0,"parent":0,"menu_order":0,"comment_status":"closed","ping_status":"closed","template":"elementor_header_footer","meta":{"om_disable_all_campaigns":false,"footnotes":""},"class_list":["post-81","page","type-page","status-publish","hentry"],"aioseo_notices":[],"_links":{"self":[{"href":"https:\/\/espacoguaicurus.com.br\/index.php?rest_route=\/wp\/v2\/pages\/81","targetHints":{"allow":["GET"]}}],"collection":[{"href":"https:\/\/espacoguaicurus.com.br\/index.php?rest_route=\/wp\/v2\/pages"}],"about":[{"href":"https:\/\/espacoguaicurus.com.br\/index.php?rest_route=\/wp\/v2\/types\/page"}],"author":[{"embeddable":true,"href":"https:\/\/espacoguaicurus.com.br\/index.php?rest_route=\/wp\/v2\/users\/1"}],"replies":[{"embeddable":true,"href":"https:\/\/espacoguaicurus.com.br\/index.php?rest_route=%2Fwp%2Fv2%2Fcomments&post=81"}],"version-history":[{"count":394,"href":"https:\/\/espacoguaicurus.com.br\/index.php?rest_route=\/wp\/v2\/pages\/81\/revisions"}],"predecessor-version":[{"id":823,"href":"https:\/\/espacoguaicurus.com.br\/index.php?rest_route=\/wp\/v2\/pages\/81\/revisions\/823"}],"wp:attachment":[{"href":"https:\/\/espacoguaicurus.com.br\/index.php?rest_route=%2Fwp%2Fv2%2Fmedia&parent=81"}],"curies":[{"name":"wp","href":"https:\/\/api.w.org\/{rel}","templated":true}]}}