{"id":28,"date":"2024-02-22T22:51:16","date_gmt":"2024-02-23T01:51:16","guid":{"rendered":"https:\/\/espacoguaicurus.com.br\/?page_id=28"},"modified":"2024-03-09T09:02:32","modified_gmt":"2024-03-09T12:02:32","slug":"sobre-nos","status":"publish","type":"page","link":"https:\/\/espacoguaicurus.com.br\/?page_id=28","title":{"rendered":"Sobre N\u00f3s"},"content":{"rendered":"\t\t<div data-elementor-type=\"wp-page\" data-elementor-id=\"28\" class=\"elementor elementor-28\" data-elementor-post-type=\"page\">\n\t\t\t\t<div class=\"elementor-element elementor-element-8291601 e-con-full e-flex e-con e-parent\" data-id=\"8291601\" data-element_type=\"container\">\n\t\t<div class=\"elementor-element elementor-element-761e71a e-flex e-con-boxed e-con e-child\" data-id=\"761e71a\" data-element_type=\"container\" data-settings=\"{&quot;background_background&quot;:&quot;classic&quot;}\">\n\t\t\t\t\t<div class=\"e-con-inner\">\n\t\t\t\t<div class=\"elementor-element elementor-element-6fc06a0 elementor-widget elementor-widget-heading\" data-id=\"6fc06a0\" data-element_type=\"widget\" data-widget_type=\"heading.default\">\n\t\t\t\t<div class=\"elementor-widget-container\">\n\t\t\t\t\t<h2 class=\"elementor-heading-title elementor-size-default\">Bem-vindo ao seu melhor  espa\u00e7o para eventos - Espa\u00e7o Guaicurus<\/h2>\t\t\t\t<\/div>\n\t\t\t\t<\/div>\n\t\t\t\t\t<\/div>\n\t\t\t\t<\/div>\n\t\t\t\t<\/div>\n\t\t<div class=\"elementor-element elementor-element-8dac845 e-con-full e-flex e-con e-parent\" data-id=\"8dac845\" data-element_type=\"container\">\n\t\t<div class=\"elementor-element elementor-element-aab0a2f e-con-full e-flex e-con e-child\" data-id=\"aab0a2f\" data-element_type=\"container\" data-settings=\"{&quot;background_background&quot;:&quot;classic&quot;}\">\n\t\t\t\t<div class=\"elementor-element elementor-element-0cbfadf elementor-widget elementor-widget-heading\" data-id=\"0cbfadf\" data-element_type=\"widget\" data-widget_type=\"heading.default\">\n\t\t\t\t<div class=\"elementor-widget-container\">\n\t\t\t\t\t<h2 class=\"elementor-heading-title elementor-size-default\">Preparado pra voc\u00ea<\/h2>\t\t\t\t<\/div>\n\t\t\t\t<\/div>\n\t\t\t\t<div class=\"elementor-element elementor-element-ee9cd59 elementor-widget__width-initial elementor-widget elementor-widget-text-editor\" data-id=\"ee9cd59\" data-element_type=\"widget\" data-widget_type=\"text-editor.default\">\n\t\t\t\t<div class=\"elementor-widget-container\">\n\t\t\t\t\t\t\t\t\t<p><span style=\"font-weight: 400;\">Para aquela ocasi\u00e3o especial que marca um momento importante em sua vida\u00a0 <\/span><span style=\"font-weight: 400;\">e voc\u00ea est\u00e1 planejando celebrar, <\/span><span style=\"font-weight: 400;\">estamos aqui para tornar realidade o que voc\u00ea imagina. <\/span><span style=\"font-weight: 400;\">\u00a0O Espa\u00e7o Guaicurus, oferece o cen\u00e1rio perfeito e ideal para uma variedade de ocasi\u00f5es memor\u00e1veis, desde anivers\u00e1rios, ch\u00e1 revela\u00e7\u00e3o , eventos religiosos, casamentos, churrasco entre amigos at\u00e9 confraterniza\u00e7\u00f5es empresariais e muito mais. Todo constru\u00eddo pensando em voc\u00ea.\u00a0<\/span><\/p>\t\t\t\t\t\t\t\t<\/div>\n\t\t\t\t<\/div>\n\t\t\t\t<div class=\"elementor-element elementor-element-496cdcd elementor-widget elementor-widget-heading\" data-id=\"496cdcd\" data-element_type=\"widget\" data-widget_type=\"heading.default\">\n\t\t\t\t<div class=\"elementor-widget-container\">\n\t\t\t\t\t<h2 class=\"elementor-heading-title elementor-size-default\">Superando expectativas<\/h2>\t\t\t\t<\/div>\n\t\t\t\t<\/div>\n\t\t\t\t<div class=\"elementor-element elementor-element-e6f1cc5 elementor-widget elementor-widget-text-editor\" data-id=\"e6f1cc5\" data-element_type=\"widget\" data-widget_type=\"text-editor.default\">\n\t\t\t\t<div class=\"elementor-widget-container\">\n\t\t\t\t\t\t\t\t\t<p><span style=\"font-weight: 400;\">Fundado com o objetivo de oferecer um ambiente elegante e vers\u00e1til para uma variedade de celebra\u00e7\u00f5es, o <\/span><b>Espa\u00e7o Guaicurus<\/b> <span style=\"font-weight: 400;\">\u00e9 o local perfeito para transformar seus sonhos em realidade.<\/span><\/p><p><span style=\"font-weight: 400;\">Estamos comprometidos em superar suas expectativas e tornar cada ocasi\u00e3o especial verdadeiramente inesquec\u00edvel. Venha nos conhecer e descubra por que o <\/span><b>Espa\u00e7o Guaicurus <\/b><span style=\"font-weight: 400;\">\u00e9 a escolha ideal para o seu pr\u00f3ximo evento!&#8221;<\/span><\/p>\t\t\t\t\t\t\t\t<\/div>\n\t\t\t\t<\/div>\n\t\t\t\t<\/div>\n\t\t<div class=\"elementor-element elementor-element-8f2de15 e-con-full e-flex e-con e-child\" data-id=\"8f2de15\" data-element_type=\"container\" data-settings=\"{&quot;background_background&quot;:&quot;classic&quot;}\">\n\t\t\t\t<div class=\"elementor-element elementor-element-28de810 elementor-widget elementor-widget-heading\" data-id=\"28de810\" data-element_type=\"widget\" data-widget_type=\"heading.default\">\n\t\t\t\t<div class=\"elementor-widget-container\">\n\t\t\t\t\t<h2 class=\"elementor-heading-title elementor-size-default\">Por que escolher o espa\u00e7o Guaicurus?<\/h2>\t\t\t\t<\/div>\n\t\t\t\t<\/div>\n\t\t\t\t<div class=\"elementor-element elementor-element-ffb3156 elementor-widget__width-initial elementor-widget elementor-widget-text-editor\" data-id=\"ffb3156\" data-element_type=\"widget\" data-widget_type=\"text-editor.default\">\n\t\t\t\t<div class=\"elementor-widget-container\">\n\t\t\t\t\t\t\t\t\t<h6>Localiza\u00e7\u00e3o privilegiada: Situado em uma \u00e1rea de f\u00e1cil acesso, com estacionamento interno para aproximadamente 40 carros, este seu espa\u00e7o oferece comodidade e conveni\u00eancia para voc\u00ea e seus convidados.\u00a0\u00a0\u00a0\u00a0\u00a0\u00a0\u00a0<\/h6>\t\t\t\t\t\t\t\t<\/div>\n\t\t\t\t<\/div>\n\t\t\t\t<div class=\"elementor-element elementor-element-bbdab03 elementor-widget elementor-widget-heading\" data-id=\"bbdab03\" data-element_type=\"widget\" data-widget_type=\"heading.default\">\n\t\t\t\t<div class=\"elementor-widget-container\">\n\t\t\t\t\t<h2 class=\"elementor-heading-title elementor-size-default\">Ambiente com piscina adulto e infantil<\/h2>\t\t\t\t<\/div>\n\t\t\t\t<\/div>\n\t\t\t\t<div class=\"elementor-element elementor-element-cff1aab elementor-widget elementor-widget-text-editor\" data-id=\"cff1aab\" data-element_type=\"widget\" data-widget_type=\"text-editor.default\">\n\t\t\t\t<div class=\"elementor-widget-container\">\n\t\t\t\t\t\t\t\t\t<p>\u00a0<\/p><p><b>Amplo espa\u00e7o de churrasqueira<\/b><span style=\"font-weight: 400;\"> especialmente desenhado para voc\u00ea preparar aquele delicioso churrasco e confraternizar com os amigos.<\/span><\/p><p><b>Ambiente encantador:<\/b><span style=\"font-weight: 400;\"> Com uma paisagem elegante e atmosfera acolhedora, o <\/span><b>Espa\u00e7o Guaicurus<\/b><span style=\"font-weight: 400;\"> \u00e9 o cen\u00e1rio ideal para criar mem\u00f3rias inesquec\u00edveis.<\/span><\/p><p><b>Versatilidade:<\/b><span style=\"font-weight: 400;\"> Com \u00e1reas internas e externas, nossas instala\u00e7\u00f5es podem ser adaptadas para atender \u00e0s necessidades de diferentes tipos de eventos, desde festas pequenas at\u00e9 grandes celebra\u00e7\u00f5es.<\/span><\/p><p><b>&#8220;Seu Evento Merece o melhor &#8211; e N\u00f3s entregamos!&#8221;<\/b><\/p><p><span style=\"font-weight: 400;\">Oferecemos espa\u00e7os amplos e flex\u00edveis para acomodar sua festa dos sonhos.<\/span><\/p>\t\t\t\t\t\t\t\t<\/div>\n\t\t\t\t<\/div>\n\t\t\t\t<\/div>\n\t\t\t\t<\/div>\n\t\t<div class=\"elementor-element elementor-element-14598a1 e-flex e-con-boxed e-con e-parent\" data-id=\"14598a1\" data-element_type=\"container\">\n\t\t\t\t\t<div class=\"e-con-inner\">\n\t\t<div class=\"elementor-element elementor-element-e353ec3 e-con-full e-flex e-con e-child\" data-id=\"e353ec3\" data-element_type=\"container\">\n\t\t\t\t<div class=\"elementor-element elementor-element-75e2dbe elementor-widget elementor-widget-image\" data-id=\"75e2dbe\" data-element_type=\"widget\" data-widget_type=\"image.default\">\n\t\t\t\t<div class=\"elementor-widget-container\">\n\t\t\t\t\t\t\t\t\t\t\t\t\t\t\t<img fetchpriority=\"high\" decoding=\"async\" width=\"800\" height=\"800\" src=\"https:\/\/espacoguaicurus.com.br\/wp-content\/uploads\/2024\/02\/12abf265-2393-4143-abe1-b66ccf0a0415.jpg\" class=\"attachment-large size-large wp-image-30\" alt=\"\" srcset=\"https:\/\/espacoguaicurus.com.br\/wp-content\/uploads\/2024\/02\/12abf265-2393-4143-abe1-b66ccf0a0415.jpg 1024w, https:\/\/espacoguaicurus.com.br\/wp-content\/uploads\/2024\/02\/12abf265-2393-4143-abe1-b66ccf0a0415-300x300.jpg 300w, https:\/\/espacoguaicurus.com.br\/wp-content\/uploads\/2024\/02\/12abf265-2393-4143-abe1-b66ccf0a0415-150x150.jpg 150w, https:\/\/espacoguaicurus.com.br\/wp-content\/uploads\/2024\/02\/12abf265-2393-4143-abe1-b66ccf0a0415-768x768.jpg 768w\" sizes=\"(max-width: 800px) 100vw, 800px\" \/>\t\t\t\t\t\t\t\t\t\t\t\t\t\t\t<\/div>\n\t\t\t\t<\/div>\n\t\t\t\t<\/div>\n\t\t<div class=\"elementor-element elementor-element-7890ff1 e-con-full e-flex e-con e-child\" data-id=\"7890ff1\" data-element_type=\"container\">\n\t\t\t\t<\/div>\n\t\t\t\t\t<\/div>\n\t\t\t\t<\/div>\n\t\t\t\t<\/div>\n\t\t","protected":false},"excerpt":{"rendered":"<p>Bem-vindo ao seu melhor espa\u00e7o para eventos &#8211; Espa\u00e7o Guaicurus Preparado pra voc\u00ea Para aquela ocasi\u00e3o especial que marca um momento importante em sua vida\u00a0 e voc\u00ea est\u00e1 planejando celebrar, estamos aqui para tornar realidade o que voc\u00ea imagina. \u00a0O Espa\u00e7o Guaicurus, oferece o cen\u00e1rio perfeito e ideal para uma variedade de ocasi\u00f5es memor\u00e1veis, desde [&hellip;]<\/p>\n","protected":false},"author":1,"featured_media":0,"parent":0,"menu_order":0,"comment_status":"closed","ping_status":"closed","template":"","meta":{"om_disable_all_campaigns":false,"footnotes":""},"class_list":["post-28","page","type-page","status-publish","hentry"],"aioseo_notices":[],"_links":{"self":[{"href":"https:\/\/espacoguaicurus.com.br\/index.php?rest_route=\/wp\/v2\/pages\/28","targetHints":{"allow":["GET"]}}],"collection":[{"href":"https:\/\/espacoguaicurus.com.br\/index.php?rest_route=\/wp\/v2\/pages"}],"about":[{"href":"https:\/\/espacoguaicurus.com.br\/index.php?rest_route=\/wp\/v2\/types\/page"}],"author":[{"embeddable":true,"href":"https:\/\/espacoguaicurus.com.br\/index.php?rest_route=\/wp\/v2\/users\/1"}],"replies":[{"embeddable":true,"href":"https:\/\/espacoguaicurus.com.br\/index.php?rest_route=%2Fwp%2Fv2%2Fcomments&post=28"}],"version-history":[{"count":16,"href":"https:\/\/espacoguaicurus.com.br\/index.php?rest_route=\/wp\/v2\/pages\/28\/revisions"}],"predecessor-version":[{"id":809,"href":"https:\/\/espacoguaicurus.com.br\/index.php?rest_route=\/wp\/v2\/pages\/28\/revisions\/809"}],"wp:attachment":[{"href":"https:\/\/espacoguaicurus.com.br\/index.php?rest_route=%2Fwp%2Fv2%2Fmedia&parent=28"}],"curies":[{"name":"wp","href":"https:\/\/api.w.org\/{rel}","templated":true}]}}